{"id":3981,"date":"2019-03-29T18:01:11","date_gmt":"2019-03-29T17:01:11","guid":{"rendered":"https:\/\/dev.vs-thaimassage.de.w01cdf4e.kasserver.com\/?post_type=product&#038;p=3981"},"modified":"2023-04-01T09:37:03","modified_gmt":"2023-04-01T07:37:03","slug":"relax-after-work","status":"publish","type":"product","link":"https:\/\/dev.vs-thaimassage.de\/nl\/produkt\/relax-after-work\/","title":{"rendered":"Relax after work \/ 5er Karte"},"content":{"rendered":"<p>Mit <em>Relax after work<\/em> erwerben Sie 5 x eine Behandlung Ihrer Wahl. Dabei sparen Sie im Vergleich zur gew\u00f6hnlichen Buchung einer Behandlung! Der <em>Relax after work<\/em> Gutschein wird Ihnen digital in Form eines Codes und, falls gew\u00fcnscht, physisch in Form einer Gutscheinkarte zugesendet. Sie k\u00f6nnen den Gutschein einl\u00f6sen, indem Sie online bei einer Bestellung den zugeh\u00f6rigen Code in das Feld Gutschein-Code eintragen (5 x anwendbar), oder indem Sie die physische Gutscheinkarte mitbringen und vor Ort eine Massage buchen.<\/p>\n","protected":false},"excerpt":{"rendered":"<p>Mit <em>Relax after work<\/em> erwerben Sie 5 x eine Behandlung Ihrer Wahl. Dabei sparen Sie im Vergleich zur gew\u00f6hnlichen Buchung einer Behandlung! Der <em>Relax after work<\/em> Gutschein wird Ihnen digital in Form eines Codes und, falls gew\u00fcnscht, physisch in Form einer Gutscheinkarte zugesendet. Sie k\u00f6nnen den Gutschein einl\u00f6sen, indem Sie online bei einer Bestellung den zugeh\u00f6rigen Code in das Feld Gutschein-Code eintragen (5 x anwendbar), oder indem Sie die physische Gutscheinkarte mitbringen und vor Ort eine Massage buchen.<\/p>\n","protected":false},"featured_media":4030,"template":"","meta":[],"product_cat":[121,62,122],"product_tag":[],"acf":[],"yoast_head":"<!-- This site is optimized with the Yoast SEO plugin v19.8 - https:\/\/yoast.com\/wordpress\/plugins\/seo\/ -->\n<title>Relax after work \/ 5er Karte - VS Thaimassage | 5 Buchungen zum Sparpreis<\/title>\n<meta name=\"description\" content=\"Relax after work ist eine Kampagne, die f\u00fcnf Behandlungen einer Massage beinhaltet und Ihnen beim Entspannen nach der Arbeit helfen soll. Jetzt buchen.\" \/>\n<meta name=\"robots\" content=\"noindex, follow, max-snippet:-1, max-image-preview:large, max-video-preview:-1\" \/>\n<meta property=\"og:locale\" content=\"nl_NL\" \/>\n<meta property=\"og:type\" content=\"article\" \/>\n<meta property=\"og:title\" content=\"Relax after work \/ 5er Karte - VS Thaimassage | 5 Buchungen zum Sparpreis\" \/>\n<meta property=\"og:description\" content=\"Relax after work ist eine Kampagne, die f\u00fcnf Behandlungen einer Massage beinhaltet und Ihnen beim Entspannen nach der Arbeit helfen soll. Jetzt buchen.\" \/>\n<meta property=\"og:url\" content=\"https:\/\/dev.vs-thaimassage.de\/produkt\/relax-after-work\/\" \/>\n<meta property=\"og:site_name\" content=\"VS Thaimassage\" \/>\n<meta property=\"article:modified_time\" content=\"2023-04-01T07:37:03+00:00\" \/>\n<meta property=\"og:image\" content=\"http:\/\/dev.vs-thaimassage.de\/wp-content\/uploads\/2019\/03\/relax-after-work.jpg\" \/>\n\t<meta property=\"og:image:width\" content=\"700\" \/>\n\t<meta property=\"og:image:height\" content=\"700\" \/>\n\t<meta property=\"og:image:type\" content=\"image\/jpeg\" \/>\n<meta name=\"twitter:card\" content=\"summary_large_image\" \/>\n<meta name=\"twitter:label1\" content=\"Geschatte leestijd\" \/>\n\t<meta name=\"twitter:data1\" content=\"1 minuut\" \/>\n<script type=\"application\/ld+json\" class=\"yoast-schema-graph\">{\"@context\":\"https:\/\/schema.org\",\"@graph\":[{\"@type\":\"WebPage\",\"@id\":\"https:\/\/dev.vs-thaimassage.de\/produkt\/relax-after-work\/\",\"url\":\"https:\/\/dev.vs-thaimassage.de\/produkt\/relax-after-work\/\",\"name\":\"Relax after work \/ 5er Karte - VS Thaimassage | 5 Buchungen zum Sparpreis\",\"isPartOf\":{\"@id\":\"https:\/\/dev.vs-thaimassage.de\/#website\"},\"datePublished\":\"2019-03-29T17:01:11+00:00\",\"dateModified\":\"2023-04-01T07:37:03+00:00\",\"description\":\"Relax after work ist eine Kampagne, die f\u00fcnf Behandlungen einer Massage beinhaltet und Ihnen beim Entspannen nach der Arbeit helfen soll. Jetzt buchen.\",\"breadcrumb\":{\"@id\":\"https:\/\/dev.vs-thaimassage.de\/produkt\/relax-after-work\/#breadcrumb\"},\"inLanguage\":\"nl\",\"potentialAction\":[{\"@type\":\"ReadAction\",\"target\":[\"https:\/\/dev.vs-thaimassage.de\/produkt\/relax-after-work\/\"]}]},{\"@type\":\"BreadcrumbList\",\"@id\":\"https:\/\/dev.vs-thaimassage.de\/produkt\/relax-after-work\/#breadcrumb\",\"itemListElement\":[{\"@type\":\"ListItem\",\"position\":1,\"name\":\"Frontpagina\",\"item\":\"https:\/\/dev.vs-thaimassage.de\/\"},{\"@type\":\"ListItem\",\"position\":2,\"name\":\"Shop\",\"item\":\"https:\/\/dev.vs-thaimassage.de\/shop\/\"},{\"@type\":\"ListItem\",\"position\":3,\"name\":\"Relax after work \/ 5er Karte\"}]},{\"@type\":\"WebSite\",\"@id\":\"https:\/\/dev.vs-thaimassage.de\/#website\",\"url\":\"https:\/\/dev.vs-thaimassage.de\/\",\"name\":\"VS Thaimassage\",\"description\":\"Uw Thaise massagesalon van Wegberg\",\"publisher\":{\"@id\":\"https:\/\/dev.vs-thaimassage.de\/#organization\"},\"potentialAction\":[{\"@type\":\"SearchAction\",\"target\":{\"@type\":\"EntryPoint\",\"urlTemplate\":\"https:\/\/dev.vs-thaimassage.de\/?s={search_term_string}\"},\"query-input\":\"required name=search_term_string\"}],\"inLanguage\":\"nl\"},{\"@type\":\"Organization\",\"@id\":\"https:\/\/dev.vs-thaimassage.de\/#organization\",\"name\":\"VS Thaimassage\",\"url\":\"https:\/\/dev.vs-thaimassage.de\/\",\"sameAs\":[],\"logo\":{\"@type\":\"ImageObject\",\"inLanguage\":\"nl\",\"@id\":\"https:\/\/dev.vs-thaimassage.de\/#\/schema\/logo\/image\/\",\"url\":\"https:\/\/dev.vs-thaimassage.de\/wp-content\/uploads\/2018\/09\/logo_xs.svg\",\"contentUrl\":\"https:\/\/dev.vs-thaimassage.de\/wp-content\/uploads\/2018\/09\/logo_xs.svg\",\"width\":150,\"height\":149,\"caption\":\"VS Thaimassage\"},\"image\":{\"@id\":\"https:\/\/dev.vs-thaimassage.de\/#\/schema\/logo\/image\/\"}}]}<\/script>\n<!-- \/ Yoast SEO plugin. -->","yoast_head_json":{"title":"Relax after work \/ 5er Karte - VS Thaimassage | 5 Buchungen zum Sparpreis","description":"Relax after work ist eine Kampagne, die f\u00fcnf Behandlungen einer Massage beinhaltet und Ihnen beim Entspannen nach der Arbeit helfen soll. Jetzt buchen.","robots":{"index":"noindex","follow":"follow","max-snippet":"max-snippet:-1","max-image-preview":"max-image-preview:large","max-video-preview":"max-video-preview:-1"},"og_locale":"nl_NL","og_type":"article","og_title":"Relax after work \/ 5er Karte - VS Thaimassage | 5 Buchungen zum Sparpreis","og_description":"Relax after work ist eine Kampagne, die f\u00fcnf Behandlungen einer Massage beinhaltet und Ihnen beim Entspannen nach der Arbeit helfen soll. Jetzt buchen.","og_url":"https:\/\/dev.vs-thaimassage.de\/produkt\/relax-after-work\/","og_site_name":"VS Thaimassage","article_modified_time":"2023-04-01T07:37:03+00:00","og_image":[{"width":700,"height":700,"url":"http:\/\/dev.vs-thaimassage.de\/wp-content\/uploads\/2019\/03\/relax-after-work.jpg","type":"image\/jpeg"}],"twitter_card":"summary_large_image","twitter_misc":{"Geschatte leestijd":"1 minuut"},"schema":{"@context":"https:\/\/schema.org","@graph":[{"@type":"WebPage","@id":"https:\/\/dev.vs-thaimassage.de\/produkt\/relax-after-work\/","url":"https:\/\/dev.vs-thaimassage.de\/produkt\/relax-after-work\/","name":"Relax after work \/ 5er Karte - VS Thaimassage | 5 Buchungen zum Sparpreis","isPartOf":{"@id":"https:\/\/dev.vs-thaimassage.de\/#website"},"datePublished":"2019-03-29T17:01:11+00:00","dateModified":"2023-04-01T07:37:03+00:00","description":"Relax after work ist eine Kampagne, die f\u00fcnf Behandlungen einer Massage beinhaltet und Ihnen beim Entspannen nach der Arbeit helfen soll. Jetzt buchen.","breadcrumb":{"@id":"https:\/\/dev.vs-thaimassage.de\/produkt\/relax-after-work\/#breadcrumb"},"inLanguage":"nl","potentialAction":[{"@type":"ReadAction","target":["https:\/\/dev.vs-thaimassage.de\/produkt\/relax-after-work\/"]}]},{"@type":"BreadcrumbList","@id":"https:\/\/dev.vs-thaimassage.de\/produkt\/relax-after-work\/#breadcrumb","itemListElement":[{"@type":"ListItem","position":1,"name":"Frontpagina","item":"https:\/\/dev.vs-thaimassage.de\/"},{"@type":"ListItem","position":2,"name":"Shop","item":"https:\/\/dev.vs-thaimassage.de\/shop\/"},{"@type":"ListItem","position":3,"name":"Relax after work \/ 5er Karte"}]},{"@type":"WebSite","@id":"https:\/\/dev.vs-thaimassage.de\/#website","url":"https:\/\/dev.vs-thaimassage.de\/","name":"VS Thaimassage","description":"Uw Thaise massagesalon van Wegberg","publisher":{"@id":"https:\/\/dev.vs-thaimassage.de\/#organization"},"potentialAction":[{"@type":"SearchAction","target":{"@type":"EntryPoint","urlTemplate":"https:\/\/dev.vs-thaimassage.de\/?s={search_term_string}"},"query-input":"required name=search_term_string"}],"inLanguage":"nl"},{"@type":"Organization","@id":"https:\/\/dev.vs-thaimassage.de\/#organization","name":"VS Thaimassage","url":"https:\/\/dev.vs-thaimassage.de\/","sameAs":[],"logo":{"@type":"ImageObject","inLanguage":"nl","@id":"https:\/\/dev.vs-thaimassage.de\/#\/schema\/logo\/image\/","url":"https:\/\/dev.vs-thaimassage.de\/wp-content\/uploads\/2018\/09\/logo_xs.svg","contentUrl":"https:\/\/dev.vs-thaimassage.de\/wp-content\/uploads\/2018\/09\/logo_xs.svg","width":150,"height":149,"caption":"VS Thaimassage"},"image":{"@id":"https:\/\/dev.vs-thaimassage.de\/#\/schema\/logo\/image\/"}}]}},"_links":{"self":[{"href":"https:\/\/dev.vs-thaimassage.de\/nl\/wp-json\/wp\/v2\/product\/3981"}],"collection":[{"href":"https:\/\/dev.vs-thaimassage.de\/nl\/wp-json\/wp\/v2\/product"}],"about":[{"href":"https:\/\/dev.vs-thaimassage.de\/nl\/wp-json\/wp\/v2\/types\/product"}],"wp:featuredmedia":[{"embeddable":true,"href":"https:\/\/dev.vs-thaimassage.de\/nl\/wp-json\/wp\/v2\/media\/4030"}],"wp:attachment":[{"href":"https:\/\/dev.vs-thaimassage.de\/nl\/wp-json\/wp\/v2\/media?parent=3981"}],"wp:term":[{"taxonomy":"product_cat","embeddable":true,"href":"https:\/\/dev.vs-thaimassage.de\/nl\/wp-json\/wp\/v2\/product_cat?post=3981"},{"taxonomy":"product_tag","embeddable":true,"href":"https:\/\/dev.vs-thaimassage.de\/nl\/wp-json\/wp\/v2\/product_tag?post=3981"}],"curies":[{"name":"wp","href":"https:\/\/api.w.org\/{rel}","templated":true}]}}