{"id":7992,"date":"2020-01-09T16:15:34","date_gmt":"2020-01-09T15:15:34","guid":{"rendered":"https:\/\/dev.vs-thaimassage.de.w01cdf4e.kasserver.com\/?page_id=7992"},"modified":"2020-01-23T15:01:44","modified_gmt":"2020-01-23T14:01:44","slug":"betriebliche-gesundheitsfoerderung","status":"publish","type":"page","link":"https:\/\/dev.vs-thaimassage.de\/nl\/betriebliche-gesundheitsfoerderung\/","title":{"rendered":"Betriebliche Gesundheitsf\u00f6rderung"},"content":{"rendered":"<div id=\"pl-7992\"  class=\"panel-layout\" ><div id=\"pg-7992-0\"  class=\"panel-grid panel-has-style\" ><div class=\"panel-row-style panel-row-style-for-7992-0\" ><div id=\"pgc-7992-0-0\"  class=\"panel-grid-cell\" ><div id=\"panel-7992-0-0-0\" class=\"so-panel widget widget_text panel-first-child\" data-index=\"0\" ><h3 class=\"widget-title\">HINWEIS ZUR GESUNDHEITSF\u00d6RDERUNG<\/h3>\t\t\t<div class=\"textwidget\"><div class=\"panel-pane pane-entity-field pane-node-body\">\n<div class=\"pane-content\">\n<div class=\"field field-name-body field-type-text-with-summary field-label-hidden\">\n<div class=\"field-items\">\n<div class=\"field-item odd\">\n<p>Der Arbeitgeber ist berechtigt, sich mit bis zu \u20ac 500,00 Brutto pro Mitarbeiter und Kalenderjahr, im Rahmen der Gesundheitspr\u00e4vention und Selbsthilfe gem\u00e4\u00df den Anforderungen der \u00a7\u00a7 20 und \u00a7\u00a7 20a (nunmehr \u00a7\u00a7 20b) des SGB V Sozialgesetzbuch auch an gesundheitsf\u00f6rdernden Wellness- Behandlungen zu beteiligen. Da diese zus\u00e4tzlich zum Arbeitslohn erbrachte freiwillige soziale Leistung des Arbeitgebers zur Verbesserung des allgemeinen Gesundheitszustandes und der betrieblichen Gesundheitsf\u00f6rderung dient bleibt Sie steuer- und versicherungsfrei.<\/p>\n<p>Ein weiterer reizvoller, nicht zu untersch\u00e4tzender Aspekt, wenn Sie Gutscheine an ihre Mitarbeiter verschenken. Bis zu \u20ac 44,00\u00a0 pro Monat und Mitarbeiter sind steuerlich als Betriebsausgaben voll absetzbar.<\/p>\n<p>Ich m\u00f6chte darauf hinweisen, dass Thai-Massagen noch nicht zu den in Deutschland anerkannten Heilverfahren z\u00e4hlen. Eine Kostenerstattung durch Krankenkassen ist daher leider nicht gegeben.<\/p>\n<p>Unser Massageangebot ist ein Dienstleistungsangebot aus dem Bereich Wellness. Es findet keine medizinische oder therapeutische Beratung oder Behandlung statt.<\/p>\n<p>Bitte sprechen Sie \u00fcber k\u00f6rperliche Beschwerden oder medizinische Fragen mit einem Arzt.<\/p>\n<p><strong>Beispiel:<\/strong><\/p>\n<p>Ein Arbeitgeber bietet seinen Mitarbeitern mit Bildschirmarbeitspl\u00e4tzen an, das auf seine Kosten\u00a0\u00a0\u00a0\u00a0 VS R\u00fccken Nacken Schulter Massagen durchgef\u00fchrt werden. Die Besch\u00e4ftigten erhalten jeweils monatlich zwei halbst\u00fcndige Massagen zum Preis von jeweils \u20ac 20,00.<\/p>\n<p><strong>Bewertung:<\/strong><\/p>\n<p>Es liegt eine Sachzuwendung vom Arbeitgeber an den Arbeitnehmer vor. Selbst wenn es sich um lohnsteuerbaren Arbeitslohn handeln w\u00fcrde, bleibt dieser Steuerfrei. Der Freibetrag von \u20ac 500,00 wird nicht \u00fcberschritten. Auf die sogenannte \u20ac 44,00 Freigrenze nach \u00a78 Absatz 2 Einkommensteuergesetz (EStG) werden nur lohnsteuerpflichtige, individuell zu erfassende Sachbez\u00fcge angerechnet, die lohnsteuerlich mit dem Marktwert bewertet werden. Da die Sachleistung lohnsteuerfrei ist, steht die \u20ac 44,00 Freigrenze weiterhin ungek\u00fcrzt anderweitig zur Verf\u00fcgung.<\/p>\n<p>Sollte Ihr Unternehmen Interesse an einer Zusammenarbeit haben, w\u00fcrden wir uns \u00fcber eine Kontaktaufnahme Ihrerseits sehr freuen.<\/p>\n<\/div>\n<\/div>\n<\/div>\n<\/div>\n<\/div>\n<\/div>\n\t\t<\/div><div id=\"panel-7992-0-0-1\" class=\"so-panel widget widget_text panel-last-child\" data-index=\"1\" >\t\t\t<div class=\"textwidget\"><div role=\"form\" class=\"wpcf7\" id=\"wpcf7-f7993-o1\" lang=\"de-DE\" dir=\"ltr\">\n<div class=\"screen-reader-response\"><p role=\"status\" aria-live=\"polite\" aria-atomic=\"true\"><\/p> <ul><\/ul><\/div>\n<form action=\"\/nl\/wp-json\/wp\/v2\/pages\/7992#wpcf7-f7993-o1\" method=\"post\" class=\"wpcf7-form init\" novalidate=\"novalidate\" data-status=\"init\">\n<div style=\"display: none;\">\n<input type=\"hidden\" name=\"_wpcf7\" value=\"7993\" \/>\n<input type=\"hidden\" name=\"_wpcf7_version\" value=\"5.6.4\" \/>\n<input type=\"hidden\" name=\"_wpcf7_locale\" value=\"de_DE\" \/>\n<input type=\"hidden\" name=\"_wpcf7_unit_tag\" value=\"wpcf7-f7993-o1\" \/>\n<input type=\"hidden\" name=\"_wpcf7_container_post\" value=\"0\" \/>\n<input type=\"hidden\" name=\"_wpcf7_posted_data_hash\" value=\"\" \/>\n<input type=\"hidden\" name=\"_wpcf7_recaptcha_response\" value=\"\" \/>\n<\/div>\n<div class=\"contact-formmstyle\">\n<div class=\"row\">\n<div class=\"col-12\"><span class=\"wpcf7-form-control-wrap\" data-name=\"unternehmen\"><input type=\"text\" name=\"unternehmen\" value=\"\" size=\"40\" class=\"wpcf7-form-control wpcf7-text wpcf7-validates-as-required\" aria-required=\"true\" aria-invalid=\"false\" placeholder=\"Ihr Unternehmen*\" \/><\/span><\/div>\n<div class=\"col-12\"><span class=\"wpcf7-form-control-wrap\" data-name=\"your-name\"><input type=\"text\" name=\"your-name\" value=\"\" size=\"40\" class=\"wpcf7-form-control wpcf7-text wpcf7-validates-as-required\" aria-required=\"true\" aria-invalid=\"false\" placeholder=\"Ihr Name*\" \/><\/span><\/div>\n<div class=\"col-6\"><span class=\"wpcf7-form-control-wrap\" data-name=\"your-email\"><input type=\"email\" name=\"your-email\" value=\"\" size=\"40\" class=\"wpcf7-form-control wpcf7-text wpcf7-email wpcf7-validates-as-required wpcf7-validates-as-email\" aria-required=\"true\" aria-invalid=\"false\" placeholder=\"Ihre E-Mail*\" \/><\/span><\/div>\n<div class=\"col-6\"><span class=\"wpcf7-form-control-wrap\" data-name=\"telefon\"><input type=\"tel\" name=\"telefon\" value=\"\" size=\"40\" class=\"wpcf7-form-control wpcf7-text wpcf7-tel wpcf7-validates-as-required wpcf7-validates-as-tel\" aria-required=\"true\" aria-invalid=\"false\" placeholder=\"Ihre Telefonnummer\" \/><\/span><\/div>\n<div class=\"col-12\"><span class=\"wpcf7-form-control-wrap\" data-name=\"your-message\"><textarea name=\"your-message\" cols=\"40\" rows=\"10\" class=\"wpcf7-form-control wpcf7-textarea\" aria-invalid=\"false\" placeholder=\"Anmerkung\"><\/textarea><\/span><\/div>\n<div class=\"col-12 button\"><input type=\"submit\" value=\"Senden\" class=\"wpcf7-form-control has-spinner wpcf7-submit\" \/><\/div>\n<\/div>\n<\/div>\n<div class=\"wpcf7-response-output\" aria-hidden=\"true\"><\/div><\/form><\/div>\n<\/div>\n\t\t<\/div><\/div><\/div><\/div><\/div>","protected":false},"excerpt":{"rendered":"<p>Der Arbeitgeber ist berechtigt, sich mit bis zu \u20ac 500,00 Brutto pro Mitarbeiter und Kalenderjahr, im Rahmen der Gesundheitspr\u00e4vention und<\/p>\n","protected":false},"author":1,"featured_media":0,"parent":0,"menu_order":0,"comment_status":"closed","ping_status":"closed","template":"","meta":[],"acf":[],"yoast_head":"<!-- This site is optimized with the Yoast SEO plugin v19.8 - https:\/\/yoast.com\/wordpress\/plugins\/seo\/ -->\n<title>Betriebliche Gesundheitsf\u00f6rderung - VS Thaimassage<\/title>\n<meta name=\"robots\" content=\"noindex, follow, max-snippet:-1, max-image-preview:large, max-video-preview:-1\" \/>\n<meta property=\"og:locale\" content=\"nl_NL\" \/>\n<meta property=\"og:type\" content=\"article\" \/>\n<meta property=\"og:title\" content=\"Betriebliche Gesundheitsf\u00f6rderung - VS Thaimassage\" \/>\n<meta property=\"og:description\" content=\"Der Arbeitgeber ist berechtigt, sich mit bis zu \u20ac 500,00 Brutto pro Mitarbeiter und Kalenderjahr, im Rahmen der Gesundheitspr\u00e4vention und\" \/>\n<meta property=\"og:url\" content=\"https:\/\/dev.vs-thaimassage.de\/nl\/betriebliche-gesundheitsfoerderung\/\" \/>\n<meta property=\"og:site_name\" content=\"VS Thaimassage\" \/>\n<meta property=\"article:modified_time\" content=\"2020-01-23T14:01:44+00:00\" \/>\n<meta name=\"twitter:card\" content=\"summary_large_image\" \/>\n<meta name=\"twitter:label1\" content=\"Geschatte leestijd\" \/>\n\t<meta name=\"twitter:data1\" content=\"1 minuut\" \/>\n<script type=\"application\/ld+json\" class=\"yoast-schema-graph\">{\"@context\":\"https:\/\/schema.org\",\"@graph\":[{\"@type\":\"WebPage\",\"@id\":\"https:\/\/dev.vs-thaimassage.de\/nl\/betriebliche-gesundheitsfoerderung\/\",\"url\":\"https:\/\/dev.vs-thaimassage.de\/nl\/betriebliche-gesundheitsfoerderung\/\",\"name\":\"Betriebliche Gesundheitsf\u00f6rderung - VS Thaimassage\",\"isPartOf\":{\"@id\":\"https:\/\/dev.vs-thaimassage.de\/#website\"},\"datePublished\":\"2020-01-09T15:15:34+00:00\",\"dateModified\":\"2020-01-23T14:01:44+00:00\",\"breadcrumb\":{\"@id\":\"https:\/\/dev.vs-thaimassage.de\/nl\/betriebliche-gesundheitsfoerderung\/#breadcrumb\"},\"inLanguage\":\"nl\",\"potentialAction\":[{\"@type\":\"ReadAction\",\"target\":[\"https:\/\/dev.vs-thaimassage.de\/nl\/betriebliche-gesundheitsfoerderung\/\"]}]},{\"@type\":\"BreadcrumbList\",\"@id\":\"https:\/\/dev.vs-thaimassage.de\/nl\/betriebliche-gesundheitsfoerderung\/#breadcrumb\",\"itemListElement\":[{\"@type\":\"ListItem\",\"position\":1,\"name\":\"Frontpagina\",\"item\":\"https:\/\/dev.vs-thaimassage.de\/\"},{\"@type\":\"ListItem\",\"position\":2,\"name\":\"Betriebliche Gesundheitsf\u00f6rderung\"}]},{\"@type\":\"WebSite\",\"@id\":\"https:\/\/dev.vs-thaimassage.de\/#website\",\"url\":\"https:\/\/dev.vs-thaimassage.de\/\",\"name\":\"VS Thaimassage\",\"description\":\"Uw Thaise massagesalon van Wegberg\",\"publisher\":{\"@id\":\"https:\/\/dev.vs-thaimassage.de\/#organization\"},\"potentialAction\":[{\"@type\":\"SearchAction\",\"target\":{\"@type\":\"EntryPoint\",\"urlTemplate\":\"https:\/\/dev.vs-thaimassage.de\/?s={search_term_string}\"},\"query-input\":\"required name=search_term_string\"}],\"inLanguage\":\"nl\"},{\"@type\":\"Organization\",\"@id\":\"https:\/\/dev.vs-thaimassage.de\/#organization\",\"name\":\"VS Thaimassage\",\"url\":\"https:\/\/dev.vs-thaimassage.de\/\",\"sameAs\":[],\"logo\":{\"@type\":\"ImageObject\",\"inLanguage\":\"nl\",\"@id\":\"https:\/\/dev.vs-thaimassage.de\/#\/schema\/logo\/image\/\",\"url\":\"https:\/\/dev.vs-thaimassage.de\/wp-content\/uploads\/2018\/09\/logo_xs.svg\",\"contentUrl\":\"https:\/\/dev.vs-thaimassage.de\/wp-content\/uploads\/2018\/09\/logo_xs.svg\",\"width\":150,\"height\":149,\"caption\":\"VS Thaimassage\"},\"image\":{\"@id\":\"https:\/\/dev.vs-thaimassage.de\/#\/schema\/logo\/image\/\"}}]}<\/script>\n<!-- \/ Yoast SEO plugin. -->","yoast_head_json":{"title":"Betriebliche Gesundheitsf\u00f6rderung - VS Thaimassage","robots":{"index":"noindex","follow":"follow","max-snippet":"max-snippet:-1","max-image-preview":"max-image-preview:large","max-video-preview":"max-video-preview:-1"},"og_locale":"nl_NL","og_type":"article","og_title":"Betriebliche Gesundheitsf\u00f6rderung - VS Thaimassage","og_description":"Der Arbeitgeber ist berechtigt, sich mit bis zu \u20ac 500,00 Brutto pro Mitarbeiter und Kalenderjahr, im Rahmen der Gesundheitspr\u00e4vention und","og_url":"https:\/\/dev.vs-thaimassage.de\/nl\/betriebliche-gesundheitsfoerderung\/","og_site_name":"VS Thaimassage","article_modified_time":"2020-01-23T14:01:44+00:00","twitter_card":"summary_large_image","twitter_misc":{"Geschatte leestijd":"1 minuut"},"schema":{"@context":"https:\/\/schema.org","@graph":[{"@type":"WebPage","@id":"https:\/\/dev.vs-thaimassage.de\/nl\/betriebliche-gesundheitsfoerderung\/","url":"https:\/\/dev.vs-thaimassage.de\/nl\/betriebliche-gesundheitsfoerderung\/","name":"Betriebliche Gesundheitsf\u00f6rderung - VS Thaimassage","isPartOf":{"@id":"https:\/\/dev.vs-thaimassage.de\/#website"},"datePublished":"2020-01-09T15:15:34+00:00","dateModified":"2020-01-23T14:01:44+00:00","breadcrumb":{"@id":"https:\/\/dev.vs-thaimassage.de\/nl\/betriebliche-gesundheitsfoerderung\/#breadcrumb"},"inLanguage":"nl","potentialAction":[{"@type":"ReadAction","target":["https:\/\/dev.vs-thaimassage.de\/nl\/betriebliche-gesundheitsfoerderung\/"]}]},{"@type":"BreadcrumbList","@id":"https:\/\/dev.vs-thaimassage.de\/nl\/betriebliche-gesundheitsfoerderung\/#breadcrumb","itemListElement":[{"@type":"ListItem","position":1,"name":"Frontpagina","item":"https:\/\/dev.vs-thaimassage.de\/"},{"@type":"ListItem","position":2,"name":"Betriebliche Gesundheitsf\u00f6rderung"}]},{"@type":"WebSite","@id":"https:\/\/dev.vs-thaimassage.de\/#website","url":"https:\/\/dev.vs-thaimassage.de\/","name":"VS Thaimassage","description":"Uw Thaise massagesalon van Wegberg","publisher":{"@id":"https:\/\/dev.vs-thaimassage.de\/#organization"},"potentialAction":[{"@type":"SearchAction","target":{"@type":"EntryPoint","urlTemplate":"https:\/\/dev.vs-thaimassage.de\/?s={search_term_string}"},"query-input":"required name=search_term_string"}],"inLanguage":"nl"},{"@type":"Organization","@id":"https:\/\/dev.vs-thaimassage.de\/#organization","name":"VS Thaimassage","url":"https:\/\/dev.vs-thaimassage.de\/","sameAs":[],"logo":{"@type":"ImageObject","inLanguage":"nl","@id":"https:\/\/dev.vs-thaimassage.de\/#\/schema\/logo\/image\/","url":"https:\/\/dev.vs-thaimassage.de\/wp-content\/uploads\/2018\/09\/logo_xs.svg","contentUrl":"https:\/\/dev.vs-thaimassage.de\/wp-content\/uploads\/2018\/09\/logo_xs.svg","width":150,"height":149,"caption":"VS Thaimassage"},"image":{"@id":"https:\/\/dev.vs-thaimassage.de\/#\/schema\/logo\/image\/"}}]}},"_links":{"self":[{"href":"https:\/\/dev.vs-thaimassage.de\/nl\/wp-json\/wp\/v2\/pages\/7992"}],"collection":[{"href":"https:\/\/dev.vs-thaimassage.de\/nl\/wp-json\/wp\/v2\/pages"}],"about":[{"href":"https:\/\/dev.vs-thaimassage.de\/nl\/wp-json\/wp\/v2\/types\/page"}],"author":[{"embeddable":true,"href":"https:\/\/dev.vs-thaimassage.de\/nl\/wp-json\/wp\/v2\/users\/1"}],"replies":[{"embeddable":true,"href":"https:\/\/dev.vs-thaimassage.de\/nl\/wp-json\/wp\/v2\/comments?post=7992"}],"version-history":[{"count":6,"href":"https:\/\/dev.vs-thaimassage.de\/nl\/wp-json\/wp\/v2\/pages\/7992\/revisions"}],"predecessor-version":[{"id":8239,"href":"https:\/\/dev.vs-thaimassage.de\/nl\/wp-json\/wp\/v2\/pages\/7992\/revisions\/8239"}],"wp:attachment":[{"href":"https:\/\/dev.vs-thaimassage.de\/nl\/wp-json\/wp\/v2\/media?parent=7992"}],"curies":[{"name":"wp","href":"https:\/\/api.w.org\/{rel}","templated":true}]}}