{"id":701,"date":"2018-09-25T11:11:55","date_gmt":"2018-09-25T09:11:55","guid":{"rendered":"https:\/\/dev.vs-thaimassage.de.w01cdf4e.kasserver.com\/?page_id=701"},"modified":"2021-06-07T13:12:30","modified_gmt":"2021-06-07T11:12:30","slug":"agb","status":"publish","type":"page","link":"https:\/\/dev.vs-thaimassage.de\/nl\/agb\/","title":{"rendered":"AGB"},"content":{"rendered":"<h1>AGB<\/h1>\n<p>Die folgenden Allgemeinen Bedingungen sind Bestandteil aller Massage- und Online-Angebote sowie von Vertr\u00e4gen \u00fcber den Online Verkauf von Gutscheinen. Alle von den hier genannten Allgemeinen Gesch\u00e4ftsbedingungen abweichende Vereinbarungen und Nebenabreden der Vertragsparteien bed\u00fcrfen der Schriftform. Entgegenstehende Gesch\u00e4ftsbedingungen des Kunden werden nicht Vertragsbestandteil.<\/p>\n<p>&nbsp;<\/p>\n<ol>\n<li><strong> Allgemeine Gesch\u00e4ftsbedingungen (AGB) der VS Thaimassage und Wellness f\u00fcr Thaimassagen und Wellness-Anwendungen<\/strong><\/li>\n<\/ol>\n<ul>\n<li>1 Heilpraktikergesetz, Thaimassage als Wellness-Anwendungen<\/li>\n<\/ul>\n<p>Wir weisen ausdr\u00fccklich darauf hin, dass die Thaimassage in Deutschland nicht als Therapie im Sinne des geltenden Heilpraktikergesetzes von 1939 anerkannt ist. Es werden keine Diagnosen gestellt, Symptome behandelt oder irgendwelche Heilversprechen abgegeben. Thaimassagen k\u00f6nnen bei Vorliegen einer Erkrankung weder verordnete Medikamente oder Therapien noch den Besuch bei einem Arzt oder Heilpraktiker ersetzen.<br \/>\nUnsere Massagen sind reine Wellness-Anwendungen, die allein der allgemeinen Entspannung, dem Wohlbefinden und der Gesundheitspr\u00e4vention dienen. Sollten Kunden Krankheiten des Bewegungsapparates oder der inneren Organen haben oder vermuten, Haut- oder Herz-Kreislauf-Erkrankungen, k\u00fcrzlich erfolgte operative Eingriffe oder eine Schwangerschaft vorliegen, so sollte zun\u00e4chst durch einen Arzt gekl\u00e4rt werden, ob eine Thaimassage unter diesen Voraussetzungen als geeignete Ma\u00dfnahme oder gar als kontraindiziert zu betrachten ist.<\/p>\n<ul>\n<li>2 Haftungsausschlu\u00df<\/li>\n<\/ul>\n<p>Sollten trotz fachkundiger Anwendung vermeidbare Folgesch\u00e4den auftreten, die darauf zur\u00fcckzuf\u00fchren sind, dass ein Kunde Ausschlussgr\u00fcnde verschwiegen oder bagatellisiert hat, so ist der Masseur und der Gesch\u00e4ftsinhaber der VS Thaimassage und Wellness von jeder Haftung freigestellt. Gleiches gilt auch f\u00fcr Sch\u00e4den, die dadurch entstehen, weil ein Ausschlussgrund dem Kunden selbst nicht bekannt und dieser f\u00fcr den Masseur oder den Gesch\u00e4ftsinhaber nicht erkennbar war. Bei Vorliegen oder der Vermutung einer gesundheitlichen St\u00f6rung muss vor Beginn einer Wellness-Anwendung unbedingt \u00e4rztlicher Rat eingeholt werden.<\/p>\n<ul>\n<li>3 Einschr\u00e4nkungen f\u00fcr die Anwendung von Thaimassagen<\/li>\n<\/ul>\n<p>Bei der Anwendung von Thaimassagen m\u00fcssen gesundheitliche Aspekte unbedingt ber\u00fccksichtigt werden. Bestimmte Erkrankungen bzw. gesundheitliche St\u00f6rungen k\u00f6nnen eine Behandlung unter Umst\u00e4nden einschr\u00e4nken oder gar ausschlie\u00dfen. Wir behalten uns das Recht vor, in bestimmten F\u00e4llen Thaimassagen oder andere Wellness-Anwendungen abzulehnen.<\/p>\n<ul>\n<li>3a Relative Kontraindikationen (Erkrankungen die eine Thaimassage zumindest einschr\u00e4nken)<\/li>\n<li>Stark erh\u00f6hter Blutdruck<\/li>\n<li>Venenentz\u00fcndungen oder ausgepr\u00e4gte Venenschw\u00e4che<\/li>\n<li>Schwangerschaft<\/li>\n<li>Frische Knochenbr\u00fcche oder k\u00fcrzlich erfolgte operative Interventionen<\/li>\n<li>Unf\u00e4lle die weniger als 48 Stunden zur\u00fcckliegen<\/li>\n<li>Schwere neurologische oder psychische St\u00f6rungen<\/li>\n<li>Diabetes mellitus<\/li>\n<li>Allergien<\/li>\n<li>3b Absolute Kontraindikationen (Erkrankungen die eine Thaimassage in der Regel komplett ausschlie\u00dfen)<\/li>\n<li>Krebserkrankungen<\/li>\n<li>Akute Infektionen einhergehend mit Fieber<\/li>\n<li>Immunschw\u00e4che<\/li>\n<li>Fortgeschrittene Herzinsuffizienz und die Gefahr eine Herzinfarktes<\/li>\n<li>Thrombosen und Gef\u00e4\u00dferkrankungen mit erh\u00f6htem Thrombembolierisiko<\/li>\n<li>Schwere Rheumatische Erkrankungen<\/li>\n<li>Entz\u00fcndungen der Muskeln- und Gelenke<\/li>\n<li>Alkoholisierter Zustand<\/li>\n<li>Alkohol-, Drogen- oder Medikamentenabh\u00e4ngigkeit<\/li>\n<li>Ausgepr\u00e4gte Osteoporose und bestimmte Deformit\u00e4ten des Achsenskelettes<\/li>\n<li>4 Preisliste<\/li>\n<\/ul>\n<p>Es gilt immer die jeweils aktuellste Preisliste. Die vorher g\u00fcltige Preisliste verliert mit dem Erscheinen der neuen Preisliste ihre G\u00fcltigkeit.<\/p>\n<ul>\n<li>5 Aktionsangebote und Bonusprogramme<\/li>\n<\/ul>\n<p>Der Gesch\u00e4ftsinhaber der VS Thaimassage und Wellness beh\u00e4lt sich \u00c4nderungen an Aktionsangeboten und Bonusprogrammen sowie deren Beendigung ohne vorherige Ank\u00fcndigung vor. Preisreduzierte Massagen, Gutscheine und Aktionsangebote sind von den Bonusprogrammen grunds\u00e4tzlich ausgenommen. Aus der Teilnahme an Bonusprogrammen erw\u00e4chst kein Rechtsanspruch.<\/p>\n<ul>\n<li>6 Gutscheine, G\u00fcltigkeit und \u00dcbertragbarkeit<\/li>\n<\/ul>\n<p>Die gesetzliche Verj\u00e4hrungsfrist von Gutscheinen der VS Thaimassage und Wellness regelt sich nach \u00a7 195 BGB. Auf jedem Gutschein wird das Ausstellungsdatum vermerkt. Im Falle einer Verj\u00e4hrung kann VS Thaimassage und Wellness die Leistung verweigern. Auf das Einl\u00f6sen eines Gutscheines erfolgt keine Barauszahlung. Gutscheine sind in der Regel \u00fcbertragbar. F\u00fcr eine Gutscheineinl\u00f6sung ist eine Terminvereinbarung erforderlich und der Gutschein muss zum Termin vorgelegt werden. Ein Gutschein kann nicht auf mehrere Anwendungen aufgeteilt werden. Je Behandlung kann nur eine Anwendungsart gew\u00e4hlt werden.<\/p>\n<ul>\n<li>7 Terminvereinbarungen und Termine<\/li>\n<\/ul>\n<p>Grunds\u00e4tzlich ist jeder vereinbarte Termin f\u00fcr die VS Thaimassage und Wellness und unsere Kunden verbindlich. Eine Terminabsage oder -verschiebung muss durch beide Parteien mindestens 24 Stunden vorher erfolgen. Erfolgt eine nicht rechtzeitige Terminabsage oder erscheint ein Kunde nicht zum fest vereinbarten Termin, so beh\u00e4lt sich die VS Thaimassage und Wellness das Recht vor (\u00a7 615 Satz 1 BGB), f\u00fcr die zum vereinbarten Termin zu erbringende Leistung eine Verg\u00fctung von bis zu 75% der sonst f\u00fcr die erbrachte Leistung f\u00e4lligen Verg\u00fctung zu verlangen.<\/p>\n<ol>\n<li><strong> Allgemeine Gesch\u00e4ftsbedingungen (AGB) der VS Thaimassage und Wellness f\u00fcr Online-Bestellungen und Online-Buchungen<\/strong><\/li>\n<\/ol>\n<ul>\n<li>1 Vertragsschluss bei Online-Bestellungen<\/li>\n<\/ul>\n<p>Ihre Online-Bestellung eines Gutscheins stellt ein Angebot an die VS Thaimassage und Wellness zum Abschluss eines Kaufvertrages dar. Die schlichte Pr\u00e4sentation der Gutscheine f\u00fcr Thaimassagen stellt kein rechtlich bindendes sondern ein unverbindliches Online-Angebot dar. Erst nach Eingabe Ihrer pers\u00f6nlichen Daten, Akzeptanz der AGB und durch Anklicken des Sendebuttons geben Sie eine verbindliche Bestellung f\u00fcr die gew\u00e4hlten Gutscheine ab. Ein rechtsg\u00fcltiger Kaufvertrag kommt erst dann zustande, wenn Ihr Angebot angenommen wurde. Der Vertragsabschluss wird nach Bestelleingang per E-Mail zur Bestellabwicklung best\u00e4tigt. Mit dieser Bestellbest\u00e4tigung erhalten Sie die konkreten Bestelldaten, die allgemeinen Vertragsbedingungen und die Rechnung. Bei Online-Bestellung von Gutscheinen werden diese erst nach vollst\u00e4ndiger Bezahlung an die angegebene Lieferadresse versendet.<\/p>\n<ul>\n<li>2 Vertragsschluss bei Online-Buchungen<\/li>\n<\/ul>\n<p>Ihre Online-Buchung eines Massagetermins stellt ein Angebot an die VS Thaimassage und Wellness zum Abschluss eines Buchungsvertrages dar. Nach Eingabe Ihrer pers\u00f6nlichen Daten, Akzeptanz der AGB und durch Anklicken des Sendebuttons geben Sie eine Online-Buchung ab. Nach Terminpr\u00fcfung durch VS Thaimassage und Wellness erfolgt die Zusendung einer Terminbest\u00e4tigung per E-Mail und der Buchungsvertrag gilt f\u00fcr beide Parteien als verbindlich abgeschlossen.<\/p>\n<ul>\n<li>3 Widerrufsbelehrung<\/li>\n<li>3a Widerrufsrecht<\/li>\n<\/ul>\n<p>Das gesetzliche Widerrufsrecht gilt ausschlie\u00dflich f\u00fcr Verbraucher im Sinne des \u00a7 13 BGB.<br \/>\nSie k\u00f6nnen Ihre Vertragserkl\u00e4rung innerhalb von 14 Tagen ohne Angabe von Gr\u00fcnden in Textform (z. B. Brief, E-Mail) oder \u2013 wenn Ihnen die Sache vor Fristablauf \u00fcberlassen wird \u2013 durch R\u00fccksendung der Sache\/Ware (z.B. Gutschein) widerrufen. Die Frist beginnt nach Erhalt dieser Belehrung in Textform, jedoch nicht vor Eingang der Ware beim Empf\u00e4nger (bei der wiederkehrenden Lieferung gleichartiger Waren nicht vor dem Eingang der ersten Teillieferung) und auch nicht vor Erf\u00fcllung unserer Informationspflichten gem\u00e4\u00df Artikel 246 \u00a7 2 in Verbindung mit \u00a7 1 Abs. 1 und 2 EGBGB sowie unserer Pflichten gem\u00e4\u00df \u00a7 312e Abs. 1 Satz 1 BGB in Verbindung mit Artikel 246 \u00a7 3 EGBGB. Zur Wahrung der Widerrufsfrist gen\u00fcgt die rechtzeitige Absendung des Widerrufs oder der Sache.<\/p>\n<p>Der Widerruf ist zu richten an:<br \/>\nVS Thaimassage und Wellness<br \/>\nVassana Saenmit<br \/>\nHeuchterstra\u00dfe 68<br \/>\n41844 Wegberg-Arsbeck<br \/>\noder an die E-Mail-Adresse:\u00a0<a href=\"mailto:info@dev.vs-thaimassage.de\">info@dev.vs-thaimassage.de<\/a><\/p>\n<ul>\n<li>3b Widerrufsfolgen<\/li>\n<\/ul>\n<p>Im Falle eines wirksamen Widerrufs sind die beiderseits empfangenen Leistungen (z.B. Gutscheine) zur\u00fcckzugew\u00e4hren. K\u00f6nnen Sie uns die empfangene Leistung nicht oder nur in verschlechtertem Zustand zur\u00fcckgew\u00e4hren, m\u00fcssen Sie uns insoweit ggf. Wertersatz leisten. Sie haben die Kosten der R\u00fccksendung zu tragen, wenn die gelieferte Ware der Bestellten entspricht und wenn der Preis der zur\u00fcckzusendenden Sache einen Betrag von 40 Euro nicht \u00fcbersteigt oder wenn Sie bei einem h\u00f6heren Preis der Sache zum Zeitpunkt des Widerrufs noch nicht die Gegenleistung oder eine vertraglich vereinbarte Teilzahlung erbracht haben. Anderenfalls ist die R\u00fccksendung f\u00fcr Sie kostenfrei. Verpflichtungen zur Erstattung von Zahlungen m\u00fcssen innerhalb von 30 Tagen erf\u00fcllt werden. Die Frist beginnt f\u00fcr Sie mit der Absendung Ihrer Widerrufserkl\u00e4rung oder der Sache, f\u00fcr uns mit deren Empfang. Wird eine Gutschein-Bestellung vor dem Versand storniert, so behalten wir uns das Recht vor, eine Bearbeitungsgeb\u00fchr zu erheben (siehe \u00a7 4 Preise).<\/p>\n<ul>\n<li>4 Preise<\/li>\n<\/ul>\n<p>Es gelten die zum Zeitpunkt der Bestellung ausgewiesenen Preise. Alle Preise beinhalten die in Deutschland gesetzlich festgesetzte Umsatzsteuer in H\u00f6he von zurzeit 19 %.<\/p>\n<ul>\n<li>5 Zahlung<\/li>\n<\/ul>\n<p>F\u00fcr die Bezahlung bieten wir folgende Zahlungsm\u00f6glichkeiten an:<\/p>\n<ul>\n<li>Vorkasse (\u00dcberweisung)<\/li>\n<li>Bar-Nachnahme<\/li>\n<li>PayPal<\/li>\n<li>In Bar (vor Ort)<\/li>\n<li>Alle \u00fcblichen Bank- oder Kreditkarten (vor Ort)<\/li>\n<li>6 Sendungsr\u00fccklauf \/ Adressfehler<\/li>\n<\/ul>\n<p>Wird eine Sendung aufgrund eines Adressfehlers retourniert und ist der Fehler nicht durch VS Thaimassage und Wellness zu vertreten, so erfolgt eine f\u00fcr den Kunden kostenpflichtige Neuversendung.<\/p>\n<ul>\n<li>7 Eigentumsvorbehalt<\/li>\n<\/ul>\n<p>Bis zur vollst\u00e4ndigen Bezahlung bleiben Gutscheine Eigentum der VS Thaimassage und Wellness.<\/p>\n<ul>\n<li>8 Schlussbestimmungen<\/li>\n<\/ul>\n<p>Sollte eine Regelung dieser Allgemeinen Gesch\u00e4ftsbedingungen unwirksam oder nichtig sein, betrifft dies nicht die Wirksamkeit der \u00fcbrigen Gesch\u00e4ftsbedingungen. Jede unwirksame Regelung wird durch eine gesetzlich wirksame Bestimmung ersetzt, die dem wirtschaftlichen Zweck der ung\u00fcltigen Bestimmung m\u00f6glichst nahe kommt. VS Thaimassage und Wellness beh\u00e4lt sich vor, die Allgemeinen Gesch\u00e4ftsbedingungen jederzeit und ohne Angabe von Gr\u00fcnden zu \u00e4ndern. F\u00fcr bereits get\u00e4tigte Bestellungen gilt die zu diesem Zeitpunkt der Bestellung g\u00fcltige AGB. Durch die Abgabe einer Bestellung werden die jeweils g\u00fcltigen Allgemeinen Gesch\u00e4ftsbedingungen akzeptiert.<br \/>\nM\u00fcndliche Nebenabreden gelten als nicht getroffen. Jede \u00c4nderung und Erg\u00e4nzung der vertraglichen Vereinbarungen bedarf zu Nachweiszwecken der Schriftform. Dies gilt auch f\u00fcr den Verzicht auf das Schriftformerfordernis.<br \/>\nIm Gesch\u00e4ftsverkehr mit juristischen Personen des \u00f6ffentlichen Rechts, Kaufleuten oder bei \u00f6ffentlich-rechtlichen Sonderverm\u00f6gen ist der Erf\u00fcllungsort Meerbusch und der Gerichtsstand f\u00fcr alle Streitigkeiten, die mit diesem Vertrag in mittelbarem oder unmittelbarem Zusammenhang stehen das Amtsgericht Neuss bzw. das Landgericht D\u00fcsseldorf, unabh\u00e4ngig davon, welche der beiden Vertragsparteien Klage erhebt.<br \/>\nDer Vertrag unterliegt dem Recht der Bundesrepublik Deutschland unter Ausschluss des internationalen Privatrechts und des UN-Kaufrechts (CISG). Die Vertragssprache ist deutsch.<\/p>\n<p><strong>VS Thaimassage und Wellness \u2013 Allgemeine Gesch\u00e4ftsbedingungen (AGB). Stand 23. September 2018.<\/strong><\/p>\n<p>VS Thaimassage und Wellness beh\u00e4lt sich \u00c4nderungen an den Allgemeinen Gesch\u00e4ftsbedingungen ohne Vorank\u00fcndigung vor.<\/p>\n<p>&nbsp;<\/p>\n<style>.entry-content{margin-top:30px}<\/style>\n","protected":false},"excerpt":{"rendered":"<p>AGB Die folgenden Allgemeinen Bedingungen sind Bestandteil aller Massage- und Online-Angebote sowie von Vertr\u00e4gen \u00fcber den Online Verkauf von Gutscheinen.<\/p>\n","protected":false},"author":1,"featured_media":0,"parent":0,"menu_order":0,"comment_status":"closed","ping_status":"closed","template":"template-fullwidth.php","meta":[],"acf":[],"yoast_head":"<!-- This site is optimized with the Yoast SEO plugin v19.8 - https:\/\/yoast.com\/wordpress\/plugins\/seo\/ -->\n<title>AGB - VS Thaimassage<\/title>\n<meta name=\"robots\" content=\"noindex, follow, max-snippet:-1, max-image-preview:large, max-video-preview:-1\" \/>\n<meta property=\"og:locale\" content=\"nl_NL\" \/>\n<meta property=\"og:type\" content=\"article\" \/>\n<meta property=\"og:title\" content=\"AGB - VS Thaimassage\" \/>\n<meta property=\"og:description\" content=\"AGB Die folgenden Allgemeinen Bedingungen sind Bestandteil aller Massage- und Online-Angebote sowie von Vertr\u00e4gen \u00fcber den Online Verkauf von Gutscheinen.\" \/>\n<meta property=\"og:url\" content=\"https:\/\/dev.vs-thaimassage.de\/agb\/\" \/>\n<meta property=\"og:site_name\" content=\"VS Thaimassage\" \/>\n<meta property=\"article:modified_time\" content=\"2021-06-07T11:12:30+00:00\" \/>\n<meta name=\"twitter:card\" content=\"summary_large_image\" \/>\n<meta name=\"twitter:label1\" content=\"Geschatte leestijd\" \/>\n\t<meta name=\"twitter:data1\" content=\"8 minuten\" \/>\n<script type=\"application\/ld+json\" class=\"yoast-schema-graph\">{\"@context\":\"https:\/\/schema.org\",\"@graph\":[{\"@type\":\"WebPage\",\"@id\":\"https:\/\/dev.vs-thaimassage.de\/agb\/\",\"url\":\"https:\/\/dev.vs-thaimassage.de\/agb\/\",\"name\":\"AGB - VS Thaimassage\",\"isPartOf\":{\"@id\":\"https:\/\/dev.vs-thaimassage.de\/#website\"},\"datePublished\":\"2018-09-25T09:11:55+00:00\",\"dateModified\":\"2021-06-07T11:12:30+00:00\",\"breadcrumb\":{\"@id\":\"https:\/\/dev.vs-thaimassage.de\/agb\/#breadcrumb\"},\"inLanguage\":\"nl\",\"potentialAction\":[{\"@type\":\"ReadAction\",\"target\":[\"https:\/\/dev.vs-thaimassage.de\/agb\/\"]}]},{\"@type\":\"BreadcrumbList\",\"@id\":\"https:\/\/dev.vs-thaimassage.de\/agb\/#breadcrumb\",\"itemListElement\":[{\"@type\":\"ListItem\",\"position\":1,\"name\":\"Frontpagina\",\"item\":\"https:\/\/dev.vs-thaimassage.de\/\"},{\"@type\":\"ListItem\",\"position\":2,\"name\":\"AGB\"}]},{\"@type\":\"WebSite\",\"@id\":\"https:\/\/dev.vs-thaimassage.de\/#website\",\"url\":\"https:\/\/dev.vs-thaimassage.de\/\",\"name\":\"VS Thaimassage\",\"description\":\"Uw Thaise massagesalon van Wegberg\",\"publisher\":{\"@id\":\"https:\/\/dev.vs-thaimassage.de\/#organization\"},\"potentialAction\":[{\"@type\":\"SearchAction\",\"target\":{\"@type\":\"EntryPoint\",\"urlTemplate\":\"https:\/\/dev.vs-thaimassage.de\/?s={search_term_string}\"},\"query-input\":\"required name=search_term_string\"}],\"inLanguage\":\"nl\"},{\"@type\":\"Organization\",\"@id\":\"https:\/\/dev.vs-thaimassage.de\/#organization\",\"name\":\"VS Thaimassage\",\"url\":\"https:\/\/dev.vs-thaimassage.de\/\",\"sameAs\":[],\"logo\":{\"@type\":\"ImageObject\",\"inLanguage\":\"nl\",\"@id\":\"https:\/\/dev.vs-thaimassage.de\/#\/schema\/logo\/image\/\",\"url\":\"https:\/\/dev.vs-thaimassage.de\/wp-content\/uploads\/2018\/09\/logo_xs.svg\",\"contentUrl\":\"https:\/\/dev.vs-thaimassage.de\/wp-content\/uploads\/2018\/09\/logo_xs.svg\",\"width\":150,\"height\":149,\"caption\":\"VS Thaimassage\"},\"image\":{\"@id\":\"https:\/\/dev.vs-thaimassage.de\/#\/schema\/logo\/image\/\"}}]}<\/script>\n<!-- \/ Yoast SEO plugin. -->","yoast_head_json":{"title":"AGB - VS Thaimassage","robots":{"index":"noindex","follow":"follow","max-snippet":"max-snippet:-1","max-image-preview":"max-image-preview:large","max-video-preview":"max-video-preview:-1"},"og_locale":"nl_NL","og_type":"article","og_title":"AGB - VS Thaimassage","og_description":"AGB Die folgenden Allgemeinen Bedingungen sind Bestandteil aller Massage- und Online-Angebote sowie von Vertr\u00e4gen \u00fcber den Online Verkauf von Gutscheinen.","og_url":"https:\/\/dev.vs-thaimassage.de\/agb\/","og_site_name":"VS Thaimassage","article_modified_time":"2021-06-07T11:12:30+00:00","twitter_card":"summary_large_image","twitter_misc":{"Geschatte leestijd":"8 minuten"},"schema":{"@context":"https:\/\/schema.org","@graph":[{"@type":"WebPage","@id":"https:\/\/dev.vs-thaimassage.de\/agb\/","url":"https:\/\/dev.vs-thaimassage.de\/agb\/","name":"AGB - VS Thaimassage","isPartOf":{"@id":"https:\/\/dev.vs-thaimassage.de\/#website"},"datePublished":"2018-09-25T09:11:55+00:00","dateModified":"2021-06-07T11:12:30+00:00","breadcrumb":{"@id":"https:\/\/dev.vs-thaimassage.de\/agb\/#breadcrumb"},"inLanguage":"nl","potentialAction":[{"@type":"ReadAction","target":["https:\/\/dev.vs-thaimassage.de\/agb\/"]}]},{"@type":"BreadcrumbList","@id":"https:\/\/dev.vs-thaimassage.de\/agb\/#breadcrumb","itemListElement":[{"@type":"ListItem","position":1,"name":"Frontpagina","item":"https:\/\/dev.vs-thaimassage.de\/"},{"@type":"ListItem","position":2,"name":"AGB"}]},{"@type":"WebSite","@id":"https:\/\/dev.vs-thaimassage.de\/#website","url":"https:\/\/dev.vs-thaimassage.de\/","name":"VS Thaimassage","description":"Uw Thaise massagesalon van Wegberg","publisher":{"@id":"https:\/\/dev.vs-thaimassage.de\/#organization"},"potentialAction":[{"@type":"SearchAction","target":{"@type":"EntryPoint","urlTemplate":"https:\/\/dev.vs-thaimassage.de\/?s={search_term_string}"},"query-input":"required name=search_term_string"}],"inLanguage":"nl"},{"@type":"Organization","@id":"https:\/\/dev.vs-thaimassage.de\/#organization","name":"VS Thaimassage","url":"https:\/\/dev.vs-thaimassage.de\/","sameAs":[],"logo":{"@type":"ImageObject","inLanguage":"nl","@id":"https:\/\/dev.vs-thaimassage.de\/#\/schema\/logo\/image\/","url":"https:\/\/dev.vs-thaimassage.de\/wp-content\/uploads\/2018\/09\/logo_xs.svg","contentUrl":"https:\/\/dev.vs-thaimassage.de\/wp-content\/uploads\/2018\/09\/logo_xs.svg","width":150,"height":149,"caption":"VS Thaimassage"},"image":{"@id":"https:\/\/dev.vs-thaimassage.de\/#\/schema\/logo\/image\/"}}]}},"_links":{"self":[{"href":"https:\/\/dev.vs-thaimassage.de\/nl\/wp-json\/wp\/v2\/pages\/701"}],"collection":[{"href":"https:\/\/dev.vs-thaimassage.de\/nl\/wp-json\/wp\/v2\/pages"}],"about":[{"href":"https:\/\/dev.vs-thaimassage.de\/nl\/wp-json\/wp\/v2\/types\/page"}],"author":[{"embeddable":true,"href":"https:\/\/dev.vs-thaimassage.de\/nl\/wp-json\/wp\/v2\/users\/1"}],"replies":[{"embeddable":true,"href":"https:\/\/dev.vs-thaimassage.de\/nl\/wp-json\/wp\/v2\/comments?post=701"}],"version-history":[{"count":4,"href":"https:\/\/dev.vs-thaimassage.de\/nl\/wp-json\/wp\/v2\/pages\/701\/revisions"}],"predecessor-version":[{"id":18966,"href":"https:\/\/dev.vs-thaimassage.de\/nl\/wp-json\/wp\/v2\/pages\/701\/revisions\/18966"}],"wp:attachment":[{"href":"https:\/\/dev.vs-thaimassage.de\/nl\/wp-json\/wp\/v2\/media?parent=701"}],"curies":[{"name":"wp","href":"https:\/\/api.w.org\/{rel}","templated":true}]}}