{"id":31,"date":"2018-08-15T14:19:52","date_gmt":"2018-08-15T14:19:52","guid":{"rendered":"https:\/\/dev.vs-thaimassage.de.w01cdf4e.kasserver.com\/?page_id=31"},"modified":"2022-11-21T14:52:47","modified_gmt":"2022-11-21T13:52:47","slug":"ueber-uns","status":"publish","type":"page","link":"https:\/\/dev.vs-thaimassage.de\/nl\/ueber-uns\/","title":{"rendered":"\u00dcber Uns"},"content":{"rendered":"<div id=\"pl-31\"  class=\"panel-layout\" ><div id=\"pg-31-0\"  class=\"panel-grid panel-has-style\" ><div class=\"siteorigin-panels-stretch panel-row-style panel-row-style-for-31-0\" id=\"ueber-mainbnrimg\" data-stretch-type=\"full-stretched\" ><div id=\"pgc-31-0-0\"  class=\"panel-grid-cell\" ><div id=\"panel-31-0-0-0\" class=\"so-panel widget widget_media_image panel-first-child panel-last-child\" data-index=\"0\" ><img width=\"800\" height=\"532\" src=\"https:\/\/dev.vs-thaimassage.de\/wp-content\/uploads\/2022\/11\/Nee-Vassana-und-Jo-1024x681.jpeg\" class=\"image wp-image-58443  attachment-800x532 size-800x532\" alt=\"Nee, Vassana und Jo\" loading=\"lazy\" style=\"max-width: 100%; height: auto;\" srcset=\"https:\/\/dev.vs-thaimassage.de\/wp-content\/uploads\/2022\/11\/Nee-Vassana-und-Jo-1024x681.jpeg 1024w, https:\/\/dev.vs-thaimassage.de\/wp-content\/uploads\/2022\/11\/Nee-Vassana-und-Jo-300x199.jpeg 300w, https:\/\/dev.vs-thaimassage.de\/wp-content\/uploads\/2022\/11\/Nee-Vassana-und-Jo-768x511.jpeg 768w, https:\/\/dev.vs-thaimassage.de\/wp-content\/uploads\/2022\/11\/Nee-Vassana-und-Jo-1536x1021.jpeg 1536w, https:\/\/dev.vs-thaimassage.de\/wp-content\/uploads\/2022\/11\/Nee-Vassana-und-Jo-2048x1362.jpeg 2048w, https:\/\/dev.vs-thaimassage.de\/wp-content\/uploads\/2022\/11\/Nee-Vassana-und-Jo-600x399.jpeg 600w\" sizes=\"(max-width: 800px) 100vw, 800px\" \/><\/div><\/div><\/div><\/div><div id=\"pg-31-1\"  class=\"panel-grid panel-has-style\" ><div class=\"panel-row-style panel-row-style-for-31-1\" ><div id=\"pgc-31-1-0\"  class=\"panel-grid-cell\" ><div id=\"panel-31-1-0-0\" class=\"so-panel widget widget_text panel-first-child panel-last-child\" data-index=\"1\" >\t\t\t<div class=\"textwidget\"><h1 class=\"text-center\">Unsere Masseure<\/h1>\n<\/div>\n\t\t<\/div><\/div><\/div><\/div><div id=\"pg-31-2\"  class=\"panel-grid panel-no-style\" ><div id=\"pgc-31-2-0\"  class=\"panel-grid-cell\" ><div id=\"panel-31-2-0-0\" class=\"so-panel widget widget_siteorigin-panels-builder panel-first-child panel-last-child\" data-index=\"2\" ><div id=\"pl-w637b4d44d0236\"  class=\"panel-layout\" ><div id=\"pg-w637b4d44d0236-0\"  class=\"panel-grid panel-no-style\" ><div id=\"pgc-w637b4d44d0236-0-0\"  class=\"panel-grid-cell\" ><div id=\"panel-w637b4d44d0236-0-0-0\" class=\"so-panel widget widget_siteorigin-panels-builder panel-first-child panel-last-child\" data-index=\"0\" ><div id=\"pl-w637b4d44d023e\"  class=\"panel-layout\" ><div id=\"pg-w637b4d44d023e-0\"  class=\"panel-grid panel-no-style\" ><div id=\"pgc-w637b4d44d023e-0-0\"  class=\"panel-grid-cell panel-grid-cell-mobile-last\" ><div id=\"panel-w637b4d44d023e-0-0-0\" class=\"so-panel widget widget_media_image panel-first-child panel-last-child\" data-index=\"0\" ><img width=\"640\" height=\"962\" src=\"https:\/\/dev.vs-thaimassage.de\/wp-content\/uploads\/2022\/11\/Vassana-681x1024.jpeg\" class=\"image wp-image-58445  attachment-large size-large\" alt=\"Vassana 1\" loading=\"lazy\" style=\"max-width: 100%; height: auto;\" srcset=\"https:\/\/dev.vs-thaimassage.de\/wp-content\/uploads\/2022\/11\/Vassana-681x1024.jpeg 681w, https:\/\/dev.vs-thaimassage.de\/wp-content\/uploads\/2022\/11\/Vassana-199x300.jpeg 199w, https:\/\/dev.vs-thaimassage.de\/wp-content\/uploads\/2022\/11\/Vassana-768x1155.jpeg 768w, https:\/\/dev.vs-thaimassage.de\/wp-content\/uploads\/2022\/11\/Vassana-1021x1536.jpeg 1021w, https:\/\/dev.vs-thaimassage.de\/wp-content\/uploads\/2022\/11\/Vassana-1362x2048.jpeg 1362w, https:\/\/dev.vs-thaimassage.de\/wp-content\/uploads\/2022\/11\/Vassana-600x902.jpeg 600w, https:\/\/dev.vs-thaimassage.de\/wp-content\/uploads\/2022\/11\/Vassana-scaled.jpeg 1702w\" sizes=\"(max-width: 640px) 100vw, 640px\" \/><\/div><\/div><div id=\"pgc-w637b4d44d023e-0-1\"  class=\"panel-grid-cell panel-grid-cell-empty\" ><\/div><\/div><\/div><\/div><\/div><div id=\"pgc-w637b4d44d0236-0-1\"  class=\"panel-grid-cell\" ><div id=\"panel-w637b4d44d0236-0-1-0\" class=\"so-panel widget widget_text panel-first-child panel-last-child\" data-index=\"1\" >\t\t\t<div class=\"textwidget\"><h3 class=\"team-text-left\">Vassana<\/h3>\n<\/div>\n\t\t<\/div><\/div><\/div><\/div><\/div><\/div><\/div><div id=\"pg-31-3\"  class=\"panel-grid panel-has-style\" ><div class=\"siteorigin-panels-stretch panel-row-style panel-row-style-for-31-3\" data-stretch-type=\"full\" ><div id=\"pgc-31-3-0\"  class=\"panel-grid-cell\" ><div id=\"panel-31-3-0-0\" class=\"so-panel widget widget_siteorigin-panels-builder panel-first-child panel-last-child\" data-index=\"3\" ><div id=\"pl-w637b4d0dd3e38\"  class=\"panel-layout\" ><div id=\"pg-w637b4d0dd3e38-0\"  class=\"panel-grid panel-no-style\" ><div id=\"pgc-w637b4d0dd3e38-0-0\"  class=\"panel-grid-cell\" ><div id=\"panel-w637b4d0dd3e38-0-0-0\" class=\"so-panel widget widget_text panel-first-child panel-last-child\" data-index=\"0\" >\t\t\t<div class=\"textwidget\"><h3 class=\"team-text-right\">Joe<\/h3>\n<\/div>\n\t\t<\/div><\/div><div id=\"pgc-w637b4d0dd3e38-0-1\"  class=\"panel-grid-cell\" ><div id=\"panel-w637b4d0dd3e38-0-1-0\" class=\"so-panel widget widget_siteorigin-panels-builder panel-first-child panel-last-child\" data-index=\"1\" ><div id=\"pl-w637b4d0dd3e79\"  class=\"panel-layout\" ><div id=\"pg-w637b4d0dd3e79-0\"  class=\"panel-grid panel-no-style\" ><div id=\"pgc-w637b4d0dd3e79-0-0\"  class=\"panel-grid-cell\" ><div id=\"panel-w637b4d0dd3e79-0-0-0\" class=\"so-panel widget widget_media_image panel-first-child panel-last-child\" data-index=\"0\" ><img width=\"640\" height=\"962\" src=\"https:\/\/dev.vs-thaimassage.de\/wp-content\/uploads\/2022\/11\/Jo-681x1024.jpeg\" class=\"image wp-image-58449  attachment-large size-large\" alt=\"Jo 1\" loading=\"lazy\" style=\"max-width: 100%; height: auto;\" srcset=\"https:\/\/dev.vs-thaimassage.de\/wp-content\/uploads\/2022\/11\/Jo-681x1024.jpeg 681w, https:\/\/dev.vs-thaimassage.de\/wp-content\/uploads\/2022\/11\/Jo-199x300.jpeg 199w, https:\/\/dev.vs-thaimassage.de\/wp-content\/uploads\/2022\/11\/Jo-768x1155.jpeg 768w, https:\/\/dev.vs-thaimassage.de\/wp-content\/uploads\/2022\/11\/Jo-1021x1536.jpeg 1021w, https:\/\/dev.vs-thaimassage.de\/wp-content\/uploads\/2022\/11\/Jo-1362x2048.jpeg 1362w, https:\/\/dev.vs-thaimassage.de\/wp-content\/uploads\/2022\/11\/Jo-600x902.jpeg 600w, https:\/\/dev.vs-thaimassage.de\/wp-content\/uploads\/2022\/11\/Jo-scaled.jpeg 1702w\" sizes=\"(max-width: 640px) 100vw, 640px\" \/><\/div><\/div><div id=\"pgc-w637b4d0dd3e79-0-1\"  class=\"panel-grid-cell\" ><div id=\"panel-w637b4d0dd3e79-0-1-0\" class=\"so-panel widget widget_media_image panel-first-child panel-last-child\" data-index=\"1\" ><img width=\"640\" height=\"962\" src=\"https:\/\/dev.vs-thaimassage.de\/wp-content\/uploads\/2022\/11\/Jo-2-681x1024.jpeg\" class=\"image wp-image-58451  attachment-large size-large\" alt=\"Jo 2\" loading=\"lazy\" style=\"max-width: 100%; height: auto;\" srcset=\"https:\/\/dev.vs-thaimassage.de\/wp-content\/uploads\/2022\/11\/Jo-2-681x1024.jpeg 681w, https:\/\/dev.vs-thaimassage.de\/wp-content\/uploads\/2022\/11\/Jo-2-199x300.jpeg 199w, https:\/\/dev.vs-thaimassage.de\/wp-content\/uploads\/2022\/11\/Jo-2-768x1155.jpeg 768w, https:\/\/dev.vs-thaimassage.de\/wp-content\/uploads\/2022\/11\/Jo-2-1021x1536.jpeg 1021w, https:\/\/dev.vs-thaimassage.de\/wp-content\/uploads\/2022\/11\/Jo-2-1362x2048.jpeg 1362w, https:\/\/dev.vs-thaimassage.de\/wp-content\/uploads\/2022\/11\/Jo-2-600x902.jpeg 600w, https:\/\/dev.vs-thaimassage.de\/wp-content\/uploads\/2022\/11\/Jo-2-scaled.jpeg 1702w\" sizes=\"(max-width: 640px) 100vw, 640px\" \/><\/div><\/div><\/div><\/div><\/div><\/div><\/div><\/div><\/div><\/div><\/div><\/div><div id=\"pg-31-4\"  class=\"panel-grid panel-no-style\" ><div id=\"pgc-31-4-0\"  class=\"panel-grid-cell\" ><div id=\"panel-31-4-0-0\" class=\"so-panel widget widget_siteorigin-panels-builder panel-first-child panel-last-child\" data-index=\"4\" ><div id=\"pl-w637b4d67d2fd7\"  class=\"panel-layout\" ><div id=\"pg-w637b4d67d2fd7-0\"  class=\"panel-grid panel-no-style\" ><div id=\"pgc-w637b4d67d2fd7-0-0\"  class=\"panel-grid-cell\" ><div id=\"panel-w637b4d67d2fd7-0-0-0\" class=\"so-panel widget widget_siteorigin-panels-builder panel-first-child panel-last-child\" data-index=\"0\" ><div id=\"pl-w637b4d67d2fde\"  class=\"panel-layout\" ><div id=\"pg-w637b4d67d2fde-0\"  class=\"panel-grid panel-no-style\" ><div id=\"pgc-w637b4d67d2fde-0-0\"  class=\"panel-grid-cell\" ><div id=\"panel-w637b4d67d2fde-0-0-0\" class=\"so-panel widget widget_media_image panel-first-child panel-last-child\" data-index=\"0\" ><img width=\"640\" height=\"962\" src=\"https:\/\/dev.vs-thaimassage.de\/wp-content\/uploads\/2022\/11\/Nee-681x1024.jpeg\" class=\"image wp-image-58453  attachment-large size-large\" alt=\"Nee 1\" loading=\"lazy\" style=\"max-width: 100%; height: auto;\" srcset=\"https:\/\/dev.vs-thaimassage.de\/wp-content\/uploads\/2022\/11\/Nee-681x1024.jpeg 681w, https:\/\/dev.vs-thaimassage.de\/wp-content\/uploads\/2022\/11\/Nee-199x300.jpeg 199w, https:\/\/dev.vs-thaimassage.de\/wp-content\/uploads\/2022\/11\/Nee-768x1155.jpeg 768w, https:\/\/dev.vs-thaimassage.de\/wp-content\/uploads\/2022\/11\/Nee-1021x1536.jpeg 1021w, https:\/\/dev.vs-thaimassage.de\/wp-content\/uploads\/2022\/11\/Nee-1362x2048.jpeg 1362w, https:\/\/dev.vs-thaimassage.de\/wp-content\/uploads\/2022\/11\/Nee-600x902.jpeg 600w, https:\/\/dev.vs-thaimassage.de\/wp-content\/uploads\/2022\/11\/Nee-scaled.jpeg 1702w\" sizes=\"(max-width: 640px) 100vw, 640px\" \/><\/div><\/div><div id=\"pgc-w637b4d67d2fde-0-1\"  class=\"panel-grid-cell\" ><div id=\"panel-w637b4d67d2fde-0-1-0\" class=\"so-panel widget widget_media_image panel-first-child panel-last-child\" data-index=\"1\" ><img width=\"640\" height=\"962\" src=\"https:\/\/dev.vs-thaimassage.de\/wp-content\/uploads\/2022\/11\/Nee-2-681x1024.jpeg\" class=\"image wp-image-58455  attachment-large size-large\" alt=\"Nee 2\" loading=\"lazy\" style=\"max-width: 100%; height: auto;\" srcset=\"https:\/\/dev.vs-thaimassage.de\/wp-content\/uploads\/2022\/11\/Nee-2-681x1024.jpeg 681w, https:\/\/dev.vs-thaimassage.de\/wp-content\/uploads\/2022\/11\/Nee-2-199x300.jpeg 199w, https:\/\/dev.vs-thaimassage.de\/wp-content\/uploads\/2022\/11\/Nee-2-768x1155.jpeg 768w, https:\/\/dev.vs-thaimassage.de\/wp-content\/uploads\/2022\/11\/Nee-2-1021x1536.jpeg 1021w, https:\/\/dev.vs-thaimassage.de\/wp-content\/uploads\/2022\/11\/Nee-2-1362x2048.jpeg 1362w, https:\/\/dev.vs-thaimassage.de\/wp-content\/uploads\/2022\/11\/Nee-2-600x902.jpeg 600w, https:\/\/dev.vs-thaimassage.de\/wp-content\/uploads\/2022\/11\/Nee-2-scaled.jpeg 1702w\" sizes=\"(max-width: 640px) 100vw, 640px\" \/><\/div><\/div><\/div><\/div><\/div><\/div><div id=\"pgc-w637b4d67d2fd7-0-1\"  class=\"panel-grid-cell\" ><div id=\"panel-w637b4d67d2fd7-0-1-0\" class=\"so-panel widget widget_text panel-first-child panel-last-child\" data-index=\"1\" >\t\t\t<div class=\"textwidget\"><h3 class=\"team-text-left\">Nee<\/h3>\n<\/div>\n\t\t<\/div><\/div><\/div><\/div><\/div><\/div><\/div><div id=\"pg-31-5\"  class=\"panel-grid panel-has-style\" ><div class=\"siteorigin-panels-stretch panel-row-style panel-row-style-for-31-5\" data-stretch-type=\"full\" ><div id=\"pgc-31-5-0\"  class=\"panel-grid-cell panel-grid-cell-empty\" ><\/div><\/div><\/div><\/div>","protected":false},"excerpt":{"rendered":"<p>Unsere Masseure<\/p>\n","protected":false},"author":1,"featured_media":0,"parent":0,"menu_order":0,"comment_status":"closed","ping_status":"closed","template":"","meta":[],"acf":[],"yoast_head":"<!-- This site is optimized with the Yoast SEO plugin v19.8 - https:\/\/yoast.com\/wordpress\/plugins\/seo\/ -->\n<title>Erfahren Sie mehr \u00fcber unsere Masseure | VS Thaimassage Wegberg<\/title>\n<meta name=\"description\" content=\"Lernen Sie mehr \u00fcber unsere Masseure und erfahren Sie was uns t\u00e4glich inspiriert Verspannungen zu l\u00f6sen und f\u00fcr Wohlbefinden zu sorgen.\" \/>\n<meta name=\"robots\" content=\"noindex, follow, max-snippet:-1, max-image-preview:large, max-video-preview:-1\" \/>\n<meta property=\"og:locale\" content=\"nl_NL\" \/>\n<meta property=\"og:type\" content=\"article\" \/>\n<meta property=\"og:title\" content=\"Erfahren Sie mehr \u00fcber unsere Masseure | VS Thaimassage Wegberg\" \/>\n<meta property=\"og:description\" content=\"Lernen Sie mehr \u00fcber unsere Masseure und erfahren Sie was uns t\u00e4glich inspiriert Verspannungen zu l\u00f6sen und f\u00fcr Wohlbefinden zu sorgen.\" \/>\n<meta property=\"og:url\" content=\"https:\/\/dev.vs-thaimassage.de\/ueber-uns\/\" \/>\n<meta property=\"og:site_name\" content=\"VS Thaimassage\" \/>\n<meta property=\"article:modified_time\" content=\"2022-11-21T13:52:47+00:00\" \/>\n<meta name=\"twitter:card\" content=\"summary_large_image\" \/>\n<meta name=\"twitter:label1\" content=\"Geschatte leestijd\" \/>\n\t<meta name=\"twitter:data1\" content=\"1 minuut\" \/>\n<script type=\"application\/ld+json\" class=\"yoast-schema-graph\">{\"@context\":\"https:\/\/schema.org\",\"@graph\":[{\"@type\":\"WebPage\",\"@id\":\"https:\/\/dev.vs-thaimassage.de\/ueber-uns\/\",\"url\":\"https:\/\/dev.vs-thaimassage.de\/ueber-uns\/\",\"name\":\"Erfahren Sie mehr \u00fcber unsere Masseure | VS Thaimassage Wegberg\",\"isPartOf\":{\"@id\":\"https:\/\/dev.vs-thaimassage.de\/#website\"},\"datePublished\":\"2018-08-15T14:19:52+00:00\",\"dateModified\":\"2022-11-21T13:52:47+00:00\",\"description\":\"Lernen Sie mehr \u00fcber unsere Masseure und erfahren Sie was uns t\u00e4glich inspiriert Verspannungen zu l\u00f6sen und f\u00fcr Wohlbefinden zu sorgen.\",\"breadcrumb\":{\"@id\":\"https:\/\/dev.vs-thaimassage.de\/ueber-uns\/#breadcrumb\"},\"inLanguage\":\"nl\",\"potentialAction\":[{\"@type\":\"ReadAction\",\"target\":[\"https:\/\/dev.vs-thaimassage.de\/ueber-uns\/\"]}]},{\"@type\":\"BreadcrumbList\",\"@id\":\"https:\/\/dev.vs-thaimassage.de\/ueber-uns\/#breadcrumb\",\"itemListElement\":[{\"@type\":\"ListItem\",\"position\":1,\"name\":\"Frontpagina\",\"item\":\"https:\/\/dev.vs-thaimassage.de\/\"},{\"@type\":\"ListItem\",\"position\":2,\"name\":\"\u00dcber Uns\"}]},{\"@type\":\"WebSite\",\"@id\":\"https:\/\/dev.vs-thaimassage.de\/#website\",\"url\":\"https:\/\/dev.vs-thaimassage.de\/\",\"name\":\"VS Thaimassage\",\"description\":\"Uw Thaise massagesalon van Wegberg\",\"publisher\":{\"@id\":\"https:\/\/dev.vs-thaimassage.de\/#organization\"},\"potentialAction\":[{\"@type\":\"SearchAction\",\"target\":{\"@type\":\"EntryPoint\",\"urlTemplate\":\"https:\/\/dev.vs-thaimassage.de\/?s={search_term_string}\"},\"query-input\":\"required name=search_term_string\"}],\"inLanguage\":\"nl\"},{\"@type\":\"Organization\",\"@id\":\"https:\/\/dev.vs-thaimassage.de\/#organization\",\"name\":\"VS Thaimassage\",\"url\":\"https:\/\/dev.vs-thaimassage.de\/\",\"sameAs\":[],\"logo\":{\"@type\":\"ImageObject\",\"inLanguage\":\"nl\",\"@id\":\"https:\/\/dev.vs-thaimassage.de\/#\/schema\/logo\/image\/\",\"url\":\"https:\/\/dev.vs-thaimassage.de\/wp-content\/uploads\/2018\/09\/logo_xs.svg\",\"contentUrl\":\"https:\/\/dev.vs-thaimassage.de\/wp-content\/uploads\/2018\/09\/logo_xs.svg\",\"width\":150,\"height\":149,\"caption\":\"VS Thaimassage\"},\"image\":{\"@id\":\"https:\/\/dev.vs-thaimassage.de\/#\/schema\/logo\/image\/\"}}]}<\/script>\n<!-- \/ Yoast SEO plugin. -->","yoast_head_json":{"title":"Erfahren Sie mehr \u00fcber unsere Masseure | VS Thaimassage Wegberg","description":"Lernen Sie mehr \u00fcber unsere Masseure und erfahren Sie was uns t\u00e4glich inspiriert Verspannungen zu l\u00f6sen und f\u00fcr Wohlbefinden zu sorgen.","robots":{"index":"noindex","follow":"follow","max-snippet":"max-snippet:-1","max-image-preview":"max-image-preview:large","max-video-preview":"max-video-preview:-1"},"og_locale":"nl_NL","og_type":"article","og_title":"Erfahren Sie mehr \u00fcber unsere Masseure | VS Thaimassage Wegberg","og_description":"Lernen Sie mehr \u00fcber unsere Masseure und erfahren Sie was uns t\u00e4glich inspiriert Verspannungen zu l\u00f6sen und f\u00fcr Wohlbefinden zu sorgen.","og_url":"https:\/\/dev.vs-thaimassage.de\/ueber-uns\/","og_site_name":"VS Thaimassage","article_modified_time":"2022-11-21T13:52:47+00:00","twitter_card":"summary_large_image","twitter_misc":{"Geschatte leestijd":"1 minuut"},"schema":{"@context":"https:\/\/schema.org","@graph":[{"@type":"WebPage","@id":"https:\/\/dev.vs-thaimassage.de\/ueber-uns\/","url":"https:\/\/dev.vs-thaimassage.de\/ueber-uns\/","name":"Erfahren Sie mehr \u00fcber unsere Masseure | VS Thaimassage Wegberg","isPartOf":{"@id":"https:\/\/dev.vs-thaimassage.de\/#website"},"datePublished":"2018-08-15T14:19:52+00:00","dateModified":"2022-11-21T13:52:47+00:00","description":"Lernen Sie mehr \u00fcber unsere Masseure und erfahren Sie was uns t\u00e4glich inspiriert Verspannungen zu l\u00f6sen und f\u00fcr Wohlbefinden zu sorgen.","breadcrumb":{"@id":"https:\/\/dev.vs-thaimassage.de\/ueber-uns\/#breadcrumb"},"inLanguage":"nl","potentialAction":[{"@type":"ReadAction","target":["https:\/\/dev.vs-thaimassage.de\/ueber-uns\/"]}]},{"@type":"BreadcrumbList","@id":"https:\/\/dev.vs-thaimassage.de\/ueber-uns\/#breadcrumb","itemListElement":[{"@type":"ListItem","position":1,"name":"Frontpagina","item":"https:\/\/dev.vs-thaimassage.de\/"},{"@type":"ListItem","position":2,"name":"\u00dcber Uns"}]},{"@type":"WebSite","@id":"https:\/\/dev.vs-thaimassage.de\/#website","url":"https:\/\/dev.vs-thaimassage.de\/","name":"VS Thaimassage","description":"Uw Thaise massagesalon van Wegberg","publisher":{"@id":"https:\/\/dev.vs-thaimassage.de\/#organization"},"potentialAction":[{"@type":"SearchAction","target":{"@type":"EntryPoint","urlTemplate":"https:\/\/dev.vs-thaimassage.de\/?s={search_term_string}"},"query-input":"required name=search_term_string"}],"inLanguage":"nl"},{"@type":"Organization","@id":"https:\/\/dev.vs-thaimassage.de\/#organization","name":"VS Thaimassage","url":"https:\/\/dev.vs-thaimassage.de\/","sameAs":[],"logo":{"@type":"ImageObject","inLanguage":"nl","@id":"https:\/\/dev.vs-thaimassage.de\/#\/schema\/logo\/image\/","url":"https:\/\/dev.vs-thaimassage.de\/wp-content\/uploads\/2018\/09\/logo_xs.svg","contentUrl":"https:\/\/dev.vs-thaimassage.de\/wp-content\/uploads\/2018\/09\/logo_xs.svg","width":150,"height":149,"caption":"VS Thaimassage"},"image":{"@id":"https:\/\/dev.vs-thaimassage.de\/#\/schema\/logo\/image\/"}}]}},"_links":{"self":[{"href":"https:\/\/dev.vs-thaimassage.de\/nl\/wp-json\/wp\/v2\/pages\/31"}],"collection":[{"href":"https:\/\/dev.vs-thaimassage.de\/nl\/wp-json\/wp\/v2\/pages"}],"about":[{"href":"https:\/\/dev.vs-thaimassage.de\/nl\/wp-json\/wp\/v2\/types\/page"}],"author":[{"embeddable":true,"href":"https:\/\/dev.vs-thaimassage.de\/nl\/wp-json\/wp\/v2\/users\/1"}],"replies":[{"embeddable":true,"href":"https:\/\/dev.vs-thaimassage.de\/nl\/wp-json\/wp\/v2\/comments?post=31"}],"version-history":[{"count":26,"href":"https:\/\/dev.vs-thaimassage.de\/nl\/wp-json\/wp\/v2\/pages\/31\/revisions"}],"predecessor-version":[{"id":58468,"href":"https:\/\/dev.vs-thaimassage.de\/nl\/wp-json\/wp\/v2\/pages\/31\/revisions\/58468"}],"wp:attachment":[{"href":"https:\/\/dev.vs-thaimassage.de\/nl\/wp-json\/wp\/v2\/media?parent=31"}],"curies":[{"name":"wp","href":"https:\/\/api.w.org\/{rel}","templated":true}]}}